{"id":6,"date":"2023-05-30T10:33:52","date_gmt":"2023-05-30T08:33:52","guid":{"rendered":"https:\/\/www.clear-your-mind.eu\/?page_id=6"},"modified":"2023-09-10T10:50:29","modified_gmt":"2023-09-10T08:50:29","slug":"clear-your-mind-elke-kitzelmann-coaching-training-beratung","status":"publish","type":"page","link":"https:\/\/www.clear-your-mind.eu\/","title":{"rendered":"start"},"content":{"rendered":"<div id=\"pg-6-0\"  class=\"panel-grid\" ><div class=\"panel-grid-core\"><div id=\"pgc-6-0-0\"  class=\"panel-grid-cell\" ><div class=\"panel-widget-style\" ><p style=\"text-align: center;\"><img decoding=\"async\" src=\"https:\/\/www.clear-your-mind.eu\/wp-content\/uploads\/2023\/07\/Startseite_IMG_2251-333x500.jpg\" alt=\"\" \/ ><\/p><\/div><\/div><div id=\"pgc-6-0-1\"  class=\"panel-grid-cell\" ><div class=\"panel-widget-style\" ><h1 style=\"font-style: normal;\"><span>Entfalte Dein Potential - Erlebe Deine Balance.<\/span><\/h1><\/div><div class=\"panel-widget-style\" >\t\t\t<div class=\"textwidget\"><p><strong>Herzlich Willkommen auf meiner Internetseite. <\/strong><\/p>\n<p>Bei mir sind Sie richtig, denn vielleicht f\u00fchren Sie diese Gedankenspiele hierher:<\/p>\n<p>Ich m\u00f6chte \u2026<br \/>\n\u2026endlich meinen Stress loswerden.<br \/>\n\u2026etwas f\u00fcr mich selbst und\/oder im Job ver\u00e4ndern.<br \/>\n\u2026meine Beziehungen verbessern.<br \/>\n\u2026&#8220;funktionieren&#8220;, wie ich das m\u00f6chte.<br \/>\n\u2026mich wieder wertvoll f\u00fchlen.<br \/>\n\u2026meine Ziele erreichen.<\/p>\n<p>Mein Herzensanliegen ist es, Sie darin zu unterst\u00fctzen, W\u00fcnsche zu verwirklichen und Ihr zufriedenes und balanciertes Leben, aktiv zu gestalten.<br \/>\nDie wundervollen Methoden meines fachlichen Spektrums zeigen, dass es m\u00f6glich ist, berufliche und pers\u00f6nliche Herausforderungen, zu bew\u00e4ltigen; auch wenn Sie schon seit vielen Jahren bestehen. Entscheidend ist,<\/p>\n<p><strong>clear your mind<\/strong><\/p>\n<p>das Ziel zu kennen und den Mut aufzubringen, den Weg zu gehen. Ich unterst\u00fctze Sie dabei, Ihr Potential zu nutzen und Ihren n\u00e4chsten Schritt auf dem Weg zum Erfolg zu gehen.<\/p>\n<p>Ihre Elke Kitzelmann<\/p>\n<\/div>\n\t\t<\/div><\/div><\/div><\/div><div id=\"pg-6-1\"  class=\"panel-grid\" ><div class=\"panel-grid-core\"><div id=\"pgc-6-1-0\"  class=\"panel-grid-cell\" ><div class=\"panel-widget-style\" style=\"background:#f2f2f2; text-align: center !important;\" ><div id=\"pg-w64aacc3ef0458-0\"  class=\"panel-grid\" ><div class=\"panel-grid-core\"><div id=\"pgc-w64aacc3ef0458-0-0\"  class=\"panel-grid-cell\" ><div class=\"panel-widget-style\" style=\"text-align: center !important;\" ><div class=\"margin10\"><\/div><\/div><div class=\"panel-widget-style\" style=\"text-align: center !important;\" ><div class=\"margin10\"><\/div><\/div><div class=\"panel-widget-style\" style=\"background:#f2f2f2;\" ><p style=\"text-align: center;\"><img decoding=\"async\" src=\"https:\/\/www.clear-your-mind.eu\/wp-content\/uploads\/2023\/07\/butterfly_website.ico\" alt=\"\" \/ ><\/p><\/div><div class=\"panel-widget-style\" style=\"background:#f2f2f2; text-align: center !important;\" ><div class=\"sc-featured sc-carousel\"><div class=\"entry-header\"><img decoding=\"async\" src=\"\" \/><div class=\"image-overlay overlay2\"><div class=\"image-overlay-inner\"><div class=\"prettyphoto-wrap\"><span><i class=\"fa fa-hover-plus\"><\/i><\/span><\/div><\/div><\/div><\/div><h3>Wingwave\u00ae Coaching<\/h3><p>Zeigen Sie was in Ihnen steckt. Mit einem individuellen Wingwave\u00ae Coching regulieren Sie Ihren pers\u00f6nlichen Leistungsstress, wie beispielsweise Pr\u00fcfungs- und Vortragsstress oder l\u00f6sen Sie einschr\u00e4nkende Gedanken und Blockaden. Stellen Sie Ihre Balance her, entdecken Sie Ihr volles Potential und erreichen Ihre Ziele.<\/p>\n<\/div><\/div><div class=\"panel-widget-style\" style=\"background:#f2f2f2; text-align: center !important;\" ><a href=\"?page_id=204\" id=\"thinkupshortcodesthinkup_builder_buttonexperon\" class=\"button style1 themebutton medium standard\">Read More<\/a><\/div><\/div><\/div><\/div><\/div><\/div><div id=\"pgc-6-1-1\"  class=\"panel-grid-cell\" ><div class=\"panel-widget-style\" style=\"background:#c2d8b9; text-align: center !important;\" ><div id=\"pg-w64aacd752b43d-0\"  class=\"panel-grid\" ><div class=\"panel-grid-core\"><div id=\"pgc-w64aacd752b43d-0-0\"  class=\"panel-grid-cell\" ><div class=\"panel-widget-style\" style=\"background:#c2d8b9; text-align: center !important;\" ><div class=\"margin10\"><\/div><\/div><div class=\"panel-widget-style\" style=\"background:#c2d8b9; text-align: center !important;\" ><div class=\"margin10\"><\/div><\/div><div class=\"panel-widget-style\" style=\"background:#c2d8b9;\" ><p style=\"text-align: center;\"><img decoding=\"async\" src=\"https:\/\/www.clear-your-mind.eu\/wp-content\/uploads\/2023\/07\/1on1_neu_website.ico\" alt=\"\" \/ ><\/p><\/div><div class=\"panel-widget-style\" style=\"background:#c2d8b9; text-align: center !important;\" ><div class=\"sc-featured sc-carousel\"><div class=\"entry-header\"><img decoding=\"async\" src=\"\" \/><div class=\"image-overlay overlay2\"><div class=\"image-overlay-inner\"><div class=\"prettyphoto-wrap\"><span><i class=\"fa fa-hover-plus\"><\/i><\/span><\/div><\/div><\/div><\/div><h3>1 on 1 Life-Coaching<\/h3><p>Gestalten Sie Ihr Selbst und Ihre Beziehungen. Erkennen Sie Ihre St\u00e4rken, ihre Kompetenzen und Ihren Sinn, in dem was Sie tun und tun wollen. Auf Basis aktueller Erkenntnisse der Neurowissenschaften unterst\u00fctze ich Sie dabei, Ihre Visionen und Ziele zu formulieren und Ihren authentischen Weg, selbstbewusst zu gehen.<\/p>\n<\/div><\/div><div class=\"panel-widget-style\" style=\"background:#c2d8b94; text-align: center !important;\" ><a href=\"?page_id=218\" id=\"thinkupshortcodesthinkup_builder_buttonexperon1\" class=\"button style1 themebutton medium standard\">Read More<\/a><\/div><\/div><\/div><\/div><\/div><\/div><div id=\"pgc-6-1-2\"  class=\"panel-grid-cell\" ><div class=\"panel-widget-style\" style=\"background:#b7d1da;\" ><div id=\"pg-w64aacd7539b57-0\"  class=\"panel-grid\" ><div class=\"panel-grid-core\"><div id=\"pgc-w64aacd7539b57-0-0\"  class=\"panel-grid-cell\" ><div class=\"panel-widget-style\" style=\"background:#b7d1da;\" ><div class=\"margin10\"><\/div><\/div><div class=\"panel-widget-style\" style=\"background:#b7d1da;\" ><div class=\"margin10\"><\/div><\/div><div class=\"panel-widget-style\" style=\"background:#b7d1da;\" ><p style=\"text-align: center;\"><img decoding=\"async\" src=\"https:\/\/www.clear-your-mind.eu\/wp-content\/uploads\/2023\/07\/business_website.ico\" alt=\"\" \/ ><\/p><\/div><div class=\"panel-widget-style\" style=\"background:#b7d1da; text-align: center !important;\" ><div class=\"sc-featured sc-carousel\"><div class=\"entry-header\"><img decoding=\"async\" src=\"\" \/><div class=\"image-overlay overlay2\"><div class=\"image-overlay-inner\"><div class=\"prettyphoto-wrap\"><span><i class=\"fa fa-hover-plus\"><\/i><\/span><\/div><\/div><\/div><\/div><h3>HR-Businesscoaching<\/h3><p>Die Balance zwischen den Zielen des Unternehmens und den Bed\u00fcrfnissen Ihrer Besch\u00e4ftigten herzustellen, wird im F\u00fchrungsalltag oft durch komplexe Herausforderungen beeinflusst. Bleiben Sie motiviert und leistungsf\u00e4hig. Ich unterst\u00fctze Sie und Ihr Team dabei, ihre gemeinsamen Ziele zu erreichen.<\/p>\n<\/div><\/div><div class=\"panel-widget-style\" style=\"background:#b7d1da; text-align: center !important;\" ><a href=\"?page_id=223\" id=\"thinkupshortcodesthinkup_builder_buttonexperon2\" class=\"button style1 themebutton medium standard\">Read More<\/a><\/div><\/div><\/div><\/div><\/div><\/div><\/div><\/div>","protected":false},"excerpt":{"rendered":"<p>Herzlich Willkommen auf meiner Internetseite. Bei mir sind Sie richtig, denn vielleicht f\u00fchren Sie diese Gedankenspiele hierher: Ich m\u00f6chte \u2026 \u2026endlich meinen Stress loswerden. \u2026etwas f\u00fcr mich selbst und\/oder im Job ver\u00e4ndern. \u2026meine Beziehungen verbessern. \u2026&#8220;funktionieren&#8220;, wie ich das m\u00f6chte. \u2026mich wieder wertvoll f\u00fchlen. \u2026meine Ziele erreichen. Mein Herzensanliegen ist es, Sie darin zu unterst\u00fctzen, [&hellip;]<\/p>\n<p class=\"more-link style2\"><a href=\"https:\/\/www.clear-your-mind.eu\/\"  class=\"themebutton\"><span class=\"more-text\">READ MORE<\/span><span class=\"more-icon\"><i class=\"fa fa-angle-right fa-lg\"><\/i><\/span><\/a><\/p>\n","protected":false},"author":1,"featured_media":0,"parent":0,"menu_order":0,"comment_status":"closed","ping_status":"closed","template":"","meta":{"footnotes":""},"categories":[],"tags":[],"class_list":["post-6","page","type-page","status-publish","hentry"],"_links":{"self":[{"href":"https:\/\/www.clear-your-mind.eu\/index.php?rest_route=\/wp\/v2\/pages\/6","targetHints":{"allow":["GET"]}}],"collection":[{"href":"https:\/\/www.clear-your-mind.eu\/index.php?rest_route=\/wp\/v2\/pages"}],"about":[{"href":"https:\/\/www.clear-your-mind.eu\/index.php?rest_route=\/wp\/v2\/types\/page"}],"author":[{"embeddable":true,"href":"https:\/\/www.clear-your-mind.eu\/index.php?rest_route=\/wp\/v2\/users\/1"}],"replies":[{"embeddable":true,"href":"https:\/\/www.clear-your-mind.eu\/index.php?rest_route=%2Fwp%2Fv2%2Fcomments&post=6"}],"version-history":[{"count":190,"href":"https:\/\/www.clear-your-mind.eu\/index.php?rest_route=\/wp\/v2\/pages\/6\/revisions"}],"predecessor-version":[{"id":463,"href":"https:\/\/www.clear-your-mind.eu\/index.php?rest_route=\/wp\/v2\/pages\/6\/revisions\/463"}],"wp:attachment":[{"href":"https:\/\/www.clear-your-mind.eu\/index.php?rest_route=%2Fwp%2Fv2%2Fmedia&parent=6"}],"wp:term":[{"taxonomy":"category","embeddable":true,"href":"https:\/\/www.clear-your-mind.eu\/index.php?rest_route=%2Fwp%2Fv2%2Fcategories&post=6"},{"taxonomy":"post_tag","embeddable":true,"href":"https:\/\/www.clear-your-mind.eu\/index.php?rest_route=%2Fwp%2Fv2%2Ftags&post=6"}],"curies":[{"name":"wp","href":"https:\/\/api.w.org\/{rel}","templated":true}]}}