{"id":42,"date":"2023-05-30T13:02:10","date_gmt":"2023-05-30T11:02:10","guid":{"rendered":"https:\/\/www.clear-your-mind.eu\/?page_id=42"},"modified":"2023-09-09T14:59:08","modified_gmt":"2023-09-09T12:59:08","slug":"ueber-mich","status":"publish","type":"page","link":"https:\/\/www.clear-your-mind.eu\/?page_id=42","title":{"rendered":"\u00fcber mich"},"content":{"rendered":"<div id=\"pg-42-0\"  class=\"panel-grid\" ><div class=\"panel-grid-core\"><div id=\"pgc-42-0-0\"  class=\"panel-grid-cell\" ><div class=\"panel-widget-style\" ><p style=\"text-align: center;\"><img decoding=\"async\" src=\"https:\/\/www.clear-your-mind.eu\/wp-content\/uploads\/2023\/09\/IMG_2423-Kopie-scaled.jpg\" alt=\"\" \/ ><\/p><\/div><\/div><div id=\"pgc-42-0-1\"  class=\"panel-grid-cell\" ><div class=\"panel-widget-style\" ><h1 style=\"font-style: normal;\"><span>\u00fcber mich<\/span><\/h1><\/div><div class=\"panel-widget-style\" >\t\t\t<div class=\"textwidget\"><p>Auf der Suche nach einer Methode, Menschen in Ver\u00e4nderungs- und Entwicklungsprozessen zu unterst\u00fctzen, habe ich meine Leidenschaft f\u00fcr die Themen der pers\u00f6nlichen Entwicklung, f\u00fcr die Neurowissenschaften und Systemische Methoden entdeckt.<br \/>\nAls Master of Human Resource Management konzipiere ich sehr unterschiedlichen Projekte und begleite seit \u00fcber 25 Jahren F\u00fchrungskr\u00e4fte dabei, Ziele zu erreichen. Nach einer klassisch kaufm\u00e4nnisch gepr\u00e4gten T\u00e4tigkeit im Personalcontrolling und -management, habe ich \u00fcberwiegend in Leitungsfunktionen, f\u00fcr \u00f6ffentliche Arbeitgeber, Konzepte zur Personalplanung, Entwicklung und Beratung, konzipiert und umgesetzt. Die Koordination von Pilotprojekten im Gesundheitsmanagement und als wissenschaftliche Besch\u00e4ftigte haben mein fachliches Spektrum erweitert. Das Thema Gesundheit, insbesondere die mentale Gesundheit im Kontext von F\u00fchrungst\u00e4tigkeiten, liegen mir besonders am Herzen. Daher lehre ich auch weiterhin an der Hochschule Bonn-Rhein-Sieg zum Thema \u201eSelbstwert\u201c.<br \/>\nIn meinen unterschiedlichen Coachingausbildungen habe ich gelernt, dass es L\u00f6sungen und Methoden gibt, hemmenden Stress, Druck und Herausforderungen im Arbeitsalltag und im Leben, wirksam zu begegnen, auch wenn Sie schon seit Jahren bestehen. Dadurch kl\u00e4rt sich der Blick auf die L\u00f6sung, das Ziel und den Weg zum Ziel.<\/p>\n<p><strong>Akademische Ausbildung<\/strong><br \/>\n2013 Master Human Resource Management (M.A.), Ruhr Universit\u00e4t Bochum<br \/>\n2001 Diplom Betriebswirtin (FH), Fachhochschule K\u00f6ln<br \/>\n1993 Diplom Verwaltungswirtin (FH), Fachhochschule f\u00fcr \u00f6ffentliche Verwaltung NRW<\/p>\n<p><strong>Zertifizierungen<\/strong><br \/>\nWingwave\u00ae Coach,<br \/>\nSystemisch integrativer Coach,<br \/>\nNLP-Master-Coach,<br \/>\nSystemische Beraterin<br \/>\nVerb\u00e4nde: QZ Wingwave\u00ae, ECA, DV-NLP<\/p>\n<p>&nbsp;<\/p>\n<p><img loading=\"lazy\" decoding=\"async\" class=\"alignnone wp-image-406\" src=\"https:\/\/www.clear-your-mind.eu\/wp-content\/uploads\/2023\/09\/dvnlp_master-coach_300dpi-farbig-500x156.jpg\" alt=\"\" width=\"225\" height=\"70\" srcset=\"https:\/\/www.clear-your-mind.eu\/wp-content\/uploads\/2023\/09\/dvnlp_master-coach_300dpi-farbig-500x156.jpg 500w, https:\/\/www.clear-your-mind.eu\/wp-content\/uploads\/2023\/09\/dvnlp_master-coach_300dpi-farbig.jpg 540w\" sizes=\"auto, (max-width: 225px) 100vw, 225px\" \/> <img loading=\"lazy\" decoding=\"async\" class=\"alignnone wp-image-405\" src=\"https:\/\/www.clear-your-mind.eu\/wp-content\/uploads\/2023\/09\/ww_logo_cmyk-500x292.jpg\" alt=\"\" width=\"137\" height=\"80\" srcset=\"https:\/\/www.clear-your-mind.eu\/wp-content\/uploads\/2023\/09\/ww_logo_cmyk-500x292.jpg 500w, https:\/\/www.clear-your-mind.eu\/wp-content\/uploads\/2023\/09\/ww_logo_cmyk-600x350.jpg 600w, https:\/\/www.clear-your-mind.eu\/wp-content\/uploads\/2023\/09\/ww_logo_cmyk-768x448.jpg 768w, https:\/\/www.clear-your-mind.eu\/wp-content\/uploads\/2023\/09\/ww_logo_cmyk-1536x896.jpg 1536w, https:\/\/www.clear-your-mind.eu\/wp-content\/uploads\/2023\/09\/ww_logo_cmyk-2048x1194.jpg 2048w\" sizes=\"auto, (max-width: 137px) 100vw, 137px\" \/> <img loading=\"lazy\" decoding=\"async\" class=\"alignnone wp-image-404\" src=\"https:\/\/www.clear-your-mind.eu\/wp-content\/uploads\/2023\/09\/18334_csm_stamp_de_6b5aec5f84_3d0e4e9ee3-500x475.png\" alt=\"\" width=\"84\" height=\"80\" srcset=\"https:\/\/www.clear-your-mind.eu\/wp-content\/uploads\/2023\/09\/18334_csm_stamp_de_6b5aec5f84_3d0e4e9ee3-500x475.png 500w, https:\/\/www.clear-your-mind.eu\/wp-content\/uploads\/2023\/09\/18334_csm_stamp_de_6b5aec5f84_3d0e4e9ee3-600x571.png 600w, https:\/\/www.clear-your-mind.eu\/wp-content\/uploads\/2023\/09\/18334_csm_stamp_de_6b5aec5f84_3d0e4e9ee3-768x730.png 768w, https:\/\/www.clear-your-mind.eu\/wp-content\/uploads\/2023\/09\/18334_csm_stamp_de_6b5aec5f84_3d0e4e9ee3.png 1120w\" sizes=\"auto, (max-width: 84px) 100vw, 84px\" \/> <img loading=\"lazy\" decoding=\"async\" class=\"alignnone wp-image-403\" src=\"https:\/\/www.clear-your-mind.eu\/wp-content\/uploads\/2023\/09\/18334_csm_online_coach_e4c064ff26_c0ceb03e6f-500x500.png\" alt=\"\" width=\"80\" height=\"80\" srcset=\"https:\/\/www.clear-your-mind.eu\/wp-content\/uploads\/2023\/09\/18334_csm_online_coach_e4c064ff26_c0ceb03e6f-500x500.png 500w, https:\/\/www.clear-your-mind.eu\/wp-content\/uploads\/2023\/09\/18334_csm_online_coach_e4c064ff26_c0ceb03e6f-600x600.png 600w, https:\/\/www.clear-your-mind.eu\/wp-content\/uploads\/2023\/09\/18334_csm_online_coach_e4c064ff26_c0ceb03e6f-150x150.png 150w, https:\/\/www.clear-your-mind.eu\/wp-content\/uploads\/2023\/09\/18334_csm_online_coach_e4c064ff26_c0ceb03e6f-768x768.png 768w, https:\/\/www.clear-your-mind.eu\/wp-content\/uploads\/2023\/09\/18334_csm_online_coach_e4c064ff26_c0ceb03e6f-53x53.png 53w, https:\/\/www.clear-your-mind.eu\/wp-content\/uploads\/2023\/09\/18334_csm_online_coach_e4c064ff26_c0ceb03e6f-570x570.png 570w, https:\/\/www.clear-your-mind.eu\/wp-content\/uploads\/2023\/09\/18334_csm_online_coach_e4c064ff26_c0ceb03e6f-380x380.png 380w, https:\/\/www.clear-your-mind.eu\/wp-content\/uploads\/2023\/09\/18334_csm_online_coach_e4c064ff26_c0ceb03e6f-285x285.png 285w, https:\/\/www.clear-your-mind.eu\/wp-content\/uploads\/2023\/09\/18334_csm_online_coach_e4c064ff26_c0ceb03e6f.png 1120w\" sizes=\"auto, (max-width: 80px) 100vw, 80px\" \/><\/p>\n<\/div>\n\t\t<\/div><\/div><\/div><\/div>","protected":false},"excerpt":{"rendered":"<p>Auf der Suche nach einer Methode, Menschen in Ver\u00e4nderungs- und Entwicklungsprozessen zu unterst\u00fctzen, habe ich meine Leidenschaft f\u00fcr die Themen der pers\u00f6nlichen Entwicklung, f\u00fcr die Neurowissenschaften und Systemische Methoden entdeckt. Als Master of Human Resource Management konzipiere ich sehr unterschiedlichen Projekte und begleite seit \u00fcber 25 Jahren F\u00fchrungskr\u00e4fte dabei, Ziele zu erreichen. Nach einer klassisch [&hellip;]<\/p>\n<p class=\"more-link style2\"><a href=\"https:\/\/www.clear-your-mind.eu\/?page_id=42\"  class=\"themebutton\"><span class=\"more-text\">READ MORE<\/span><span class=\"more-icon\"><i class=\"fa fa-angle-right fa-lg\"><\/i><\/span><\/a><\/p>\n","protected":false},"author":1,"featured_media":0,"parent":0,"menu_order":0,"comment_status":"closed","ping_status":"closed","template":"","meta":{"footnotes":""},"categories":[],"tags":[],"class_list":["post-42","page","type-page","status-publish","hentry"],"_links":{"self":[{"href":"https:\/\/www.clear-your-mind.eu\/index.php?rest_route=\/wp\/v2\/pages\/42","targetHints":{"allow":["GET"]}}],"collection":[{"href":"https:\/\/www.clear-your-mind.eu\/index.php?rest_route=\/wp\/v2\/pages"}],"about":[{"href":"https:\/\/www.clear-your-mind.eu\/index.php?rest_route=\/wp\/v2\/types\/page"}],"author":[{"embeddable":true,"href":"https:\/\/www.clear-your-mind.eu\/index.php?rest_route=\/wp\/v2\/users\/1"}],"replies":[{"embeddable":true,"href":"https:\/\/www.clear-your-mind.eu\/index.php?rest_route=%2Fwp%2Fv2%2Fcomments&post=42"}],"version-history":[{"count":40,"href":"https:\/\/www.clear-your-mind.eu\/index.php?rest_route=\/wp\/v2\/pages\/42\/revisions"}],"predecessor-version":[{"id":413,"href":"https:\/\/www.clear-your-mind.eu\/index.php?rest_route=\/wp\/v2\/pages\/42\/revisions\/413"}],"wp:attachment":[{"href":"https:\/\/www.clear-your-mind.eu\/index.php?rest_route=%2Fwp%2Fv2%2Fmedia&parent=42"}],"wp:term":[{"taxonomy":"category","embeddable":true,"href":"https:\/\/www.clear-your-mind.eu\/index.php?rest_route=%2Fwp%2Fv2%2Fcategories&post=42"},{"taxonomy":"post_tag","embeddable":true,"href":"https:\/\/www.clear-your-mind.eu\/index.php?rest_route=%2Fwp%2Fv2%2Ftags&post=42"}],"curies":[{"name":"wp","href":"https:\/\/api.w.org\/{rel}","templated":true}]}}