{"id":372,"date":"2023-08-20T16:34:05","date_gmt":"2023-08-20T14:34:05","guid":{"rendered":"https:\/\/www.clear-your-mind.eu\/?page_id=372"},"modified":"2023-09-10T11:52:56","modified_gmt":"2023-09-10T09:52:56","slug":"workshops","status":"publish","type":"page","link":"https:\/\/www.clear-your-mind.eu\/?page_id=372","title":{"rendered":"Workshops"},"content":{"rendered":"<div id=\"pg-372-0\"  class=\"panel-grid\" ><div class=\"panel-grid-core\"><div id=\"pgc-372-0-0\"  class=\"panel-grid-cell\" ><div class=\"panel-widget-style\" ><p><img decoding=\"async\" src=\"https:\/\/www.clear-your-mind.eu\/wp-content\/uploads\/2023\/09\/workshop.jpg\" alt=\"Workshop\" \/ ><\/p><\/div><\/div><div id=\"pgc-372-0-1\"  class=\"panel-grid-cell\" ><div class=\"panel-widget-style\" ><h1 style=\"font-style: normal;\"><span>Workshops<\/span><\/h1><\/div><div class=\"panel-widget-style\" >\t\t\t<div class=\"textwidget\"><p>In regelm\u00e4\u00dfigen Abst\u00e4nden biete ich Workshops an. Themenbeispiele sind:<\/p>\n<ul>\n<li>\u201eSelbstkonzept und Selbstwert\u201c<\/li>\n<li>\u201eZiele erfolgreich erreichen\u201c<\/li>\n<li>\u201eNext Level Me\u201c<\/li>\n<li>\u201ePr\u00fcfungsangst und Vortragsstress\u201c<\/li>\n<\/ul>\n<p>Der n\u00e4chste frei buchbare Workshop ist f\u00fcr den Januar 2024 geplant.<\/p>\n<p>Gerne konzipiere ich auch Ihren individuellen Workshop.<\/p>\n<p><strong>Wenn Sie mein<\/strong>\u00a0<strong>Angebot kennenlernen m\u00f6chten<\/strong><strong>,<\/strong><strong>\u00a0<\/strong><strong>vereinbaren Sie <\/strong><strong>hier Ihren\u00a0<a href=\"https:\/\/www.clear-your-mind.eu\/?page_id=352\">Termin f\u00fcr ein unverbindliches Erstgespr\u00e4ch.<\/a><\/strong><\/p>\n<\/div>\n\t\t<\/div><\/div><\/div><\/div>","protected":false},"excerpt":{"rendered":"<p>In regelm\u00e4\u00dfigen Abst\u00e4nden biete ich Workshops an. Themenbeispiele sind: \u201eSelbstkonzept und Selbstwert\u201c \u201eZiele erfolgreich erreichen\u201c \u201eNext Level Me\u201c \u201ePr\u00fcfungsangst und Vortragsstress\u201c Der n\u00e4chste frei buchbare Workshop ist f\u00fcr den Januar 2024 geplant. Gerne konzipiere ich auch Ihren individuellen Workshop. Wenn Sie mein\u00a0Angebot kennenlernen m\u00f6chten,\u00a0vereinbaren Sie hier Ihren\u00a0Termin f\u00fcr ein unverbindliches Erstgespr\u00e4ch.<\/p>\n","protected":false},"author":1,"featured_media":0,"parent":0,"menu_order":0,"comment_status":"closed","ping_status":"closed","template":"","meta":{"footnotes":""},"categories":[],"tags":[],"class_list":["post-372","page","type-page","status-publish","hentry"],"_links":{"self":[{"href":"https:\/\/www.clear-your-mind.eu\/index.php?rest_route=\/wp\/v2\/pages\/372","targetHints":{"allow":["GET"]}}],"collection":[{"href":"https:\/\/www.clear-your-mind.eu\/index.php?rest_route=\/wp\/v2\/pages"}],"about":[{"href":"https:\/\/www.clear-your-mind.eu\/index.php?rest_route=\/wp\/v2\/types\/page"}],"author":[{"embeddable":true,"href":"https:\/\/www.clear-your-mind.eu\/index.php?rest_route=\/wp\/v2\/users\/1"}],"replies":[{"embeddable":true,"href":"https:\/\/www.clear-your-mind.eu\/index.php?rest_route=%2Fwp%2Fv2%2Fcomments&post=372"}],"version-history":[{"count":9,"href":"https:\/\/www.clear-your-mind.eu\/index.php?rest_route=\/wp\/v2\/pages\/372\/revisions"}],"predecessor-version":[{"id":477,"href":"https:\/\/www.clear-your-mind.eu\/index.php?rest_route=\/wp\/v2\/pages\/372\/revisions\/477"}],"wp:attachment":[{"href":"https:\/\/www.clear-your-mind.eu\/index.php?rest_route=%2Fwp%2Fv2%2Fmedia&parent=372"}],"wp:term":[{"taxonomy":"category","embeddable":true,"href":"https:\/\/www.clear-your-mind.eu\/index.php?rest_route=%2Fwp%2Fv2%2Fcategories&post=372"},{"taxonomy":"post_tag","embeddable":true,"href":"https:\/\/www.clear-your-mind.eu\/index.php?rest_route=%2Fwp%2Fv2%2Ftags&post=372"}],"curies":[{"name":"wp","href":"https:\/\/api.w.org\/{rel}","templated":true}]}}