{"id":370,"date":"2023-08-20T16:33:07","date_gmt":"2023-08-20T14:33:07","guid":{"rendered":"https:\/\/www.clear-your-mind.eu\/?page_id=370"},"modified":"2023-09-10T11:52:09","modified_gmt":"2023-09-10T09:52:09","slug":"team-und-familienaufstellungen","status":"publish","type":"page","link":"https:\/\/www.clear-your-mind.eu\/?page_id=370","title":{"rendered":"Team- und Familienaufstellungen"},"content":{"rendered":"<div id=\"pg-370-0\"  class=\"panel-grid\" ><div class=\"panel-grid-core\"><div id=\"pgc-370-0-0\"  class=\"panel-grid-cell\" ><div class=\"panel-widget-style\" ><p><img decoding=\"async\" src=\"https:\/\/www.clear-your-mind.eu\/wp-content\/uploads\/2023\/09\/family-500x375.jpg\" alt=\"Familienaufstellung\" \/ ><\/p><\/div><\/div><div id=\"pgc-370-0-1\"  class=\"panel-grid-cell\" ><div class=\"panel-widget-style\" ><h1 style=\"font-style: normal;\"><span>Team- und Familienaufstellungen<\/span><\/h1><\/div><div class=\"panel-widget-style\" >\t\t\t<div class=\"textwidget\"><p>Team- und Familienmitglieder werden in Einzelterminen mit Gegenst\u00e4nden, Holzfiguren, Kartonagen oder Spielfiguren repr\u00e4sentiert. Eine Live Aufstellungen, mit menschlichen Stellvertretern, ist jedoch besonders erkenntnisreich. Sowohl f\u00fcr die\/den &#8222;Aufsteller:in&#8220; als auch f\u00fcr die &#8222;Stellvertre:innen&#8220;. In regelm\u00e4\u00dfigen Abst\u00e4nden biete ich LIVE Team- und Familienaufstellungen an.<\/p>\n<p><strong>Wenn Sie mein<\/strong>\u00a0<strong>Angebot kennenlernen m\u00f6chten<\/strong><strong>,<\/strong><strong>\u00a0<\/strong><strong>vereinbaren Sie <\/strong><strong>hier Ihren\u00a0<a href=\"https:\/\/www.clear-your-mind.eu\/?page_id=352\">Termin f\u00fcr ein unverbindliches Erstgespr\u00e4ch.<\/a><\/strong><\/p>\n<\/div>\n\t\t<\/div><\/div><\/div><\/div>","protected":false},"excerpt":{"rendered":"<p>Team- und Familienmitglieder werden in Einzelterminen mit Gegenst\u00e4nden, Holzfiguren, Kartonagen oder Spielfiguren repr\u00e4sentiert. Eine Live Aufstellungen, mit menschlichen Stellvertretern, ist jedoch besonders erkenntnisreich. Sowohl f\u00fcr die\/den &#8222;Aufsteller:in&#8220; als auch f\u00fcr die &#8222;Stellvertre:innen&#8220;. In regelm\u00e4\u00dfigen Abst\u00e4nden biete ich LIVE Team- und Familienaufstellungen an. Wenn Sie mein\u00a0Angebot kennenlernen m\u00f6chten,\u00a0vereinbaren Sie hier Ihren\u00a0Termin f\u00fcr ein unverbindliches Erstgespr\u00e4ch.<\/p>\n","protected":false},"author":1,"featured_media":0,"parent":0,"menu_order":0,"comment_status":"closed","ping_status":"closed","template":"","meta":{"footnotes":""},"categories":[],"tags":[],"class_list":["post-370","page","type-page","status-publish","hentry"],"_links":{"self":[{"href":"https:\/\/www.clear-your-mind.eu\/index.php?rest_route=\/wp\/v2\/pages\/370","targetHints":{"allow":["GET"]}}],"collection":[{"href":"https:\/\/www.clear-your-mind.eu\/index.php?rest_route=\/wp\/v2\/pages"}],"about":[{"href":"https:\/\/www.clear-your-mind.eu\/index.php?rest_route=\/wp\/v2\/types\/page"}],"author":[{"embeddable":true,"href":"https:\/\/www.clear-your-mind.eu\/index.php?rest_route=\/wp\/v2\/users\/1"}],"replies":[{"embeddable":true,"href":"https:\/\/www.clear-your-mind.eu\/index.php?rest_route=%2Fwp%2Fv2%2Fcomments&post=370"}],"version-history":[{"count":16,"href":"https:\/\/www.clear-your-mind.eu\/index.php?rest_route=\/wp\/v2\/pages\/370\/revisions"}],"predecessor-version":[{"id":475,"href":"https:\/\/www.clear-your-mind.eu\/index.php?rest_route=\/wp\/v2\/pages\/370\/revisions\/475"}],"wp:attachment":[{"href":"https:\/\/www.clear-your-mind.eu\/index.php?rest_route=%2Fwp%2Fv2%2Fmedia&parent=370"}],"wp:term":[{"taxonomy":"category","embeddable":true,"href":"https:\/\/www.clear-your-mind.eu\/index.php?rest_route=%2Fwp%2Fv2%2Fcategories&post=370"},{"taxonomy":"post_tag","embeddable":true,"href":"https:\/\/www.clear-your-mind.eu\/index.php?rest_route=%2Fwp%2Fv2%2Ftags&post=370"}],"curies":[{"name":"wp","href":"https:\/\/api.w.org\/{rel}","templated":true}]}}