{"id":367,"date":"2023-08-20T16:31:37","date_gmt":"2023-08-20T14:31:37","guid":{"rendered":"https:\/\/www.clear-your-mind.eu\/?page_id=367"},"modified":"2023-09-10T11:51:31","modified_gmt":"2023-09-10T09:51:31","slug":"systemische-aufstellungen","status":"publish","type":"page","link":"https:\/\/www.clear-your-mind.eu\/?page_id=367","title":{"rendered":"Systemische Aufstellungen"},"content":{"rendered":"<div id=\"pg-367-0\"  class=\"panel-grid\" ><div class=\"panel-grid-core\"><div id=\"pgc-367-0-0\"  class=\"panel-grid-cell\" ><div class=\"panel-widget-style\" ><p><img decoding=\"async\" src=\"https:\/\/www.clear-your-mind.eu\/wp-content\/uploads\/2023\/09\/systemischAufstellung-500x375.jpg\" alt=\"systemische Aufstellung\" \/ ><\/p><\/div><\/div><div id=\"pgc-367-0-1\"  class=\"panel-grid-cell\" ><div class=\"panel-widget-style\" ><h1 style=\"font-style: normal;\"><span>Systemische Aufstellungen<\/span><\/h1><\/div><div class=\"panel-widget-style\" >\t\t\t<div class=\"textwidget\"><p><span style=\"color: black;\">Ob Ihre Familie, Ihre Arbeitskolleg:innen, Ihre Herausforderungen und Ziele oder Ihr K\u00f6rper und Ihre Organe; all diese Elemente geh\u00f6ren in sich geschlossenen Systemen an. Das bedeutet, dass sie miteinander verbunden sind und zwischen den Elementen Wechselwirkungen und Abh\u00e4ngigkeiten bestehen. Sie haben gemeinsam eine bestimmte Funktionalit\u00e4t und Struktur.<\/span><\/p>\n<p><span style=\"color: black;\">In systemischen Strukturaufstellungen ordnen wir die Elemente ihres Systems, mit Stellvertretern r\u00e4umlich an. Dadurch werden die Beziehungen und Muster Ihres Systems deutlich sichtbar und erfahrbar gemacht. Hierdurch erhalten Sie neue Einsichten, die m\u00f6glicherweise zur L\u00f6sung ihrer Herausforderungen, zur Kl\u00e4rung von Konflikten oder f\u00fcr Ihren Weg zum Ziel, genutzt werden k\u00f6nnen.<\/span><\/p>\n<p><strong>Wenn Sie mein<\/strong>\u00a0<strong>Angebot kennenlernen m\u00f6chten<\/strong><strong>,<\/strong><strong>\u00a0<\/strong><strong>vereinbaren Sie <\/strong><strong>hier Ihren\u00a0<a href=\"https:\/\/www.clear-your-mind.eu\/?page_id=352\">Termin f\u00fcr ein unverbindliches Erstgespr\u00e4ch.<\/a><\/strong><\/p>\n<\/div>\n\t\t<\/div><\/div><\/div><\/div>","protected":false},"excerpt":{"rendered":"<p>Ob Ihre Familie, Ihre Arbeitskolleg:innen, Ihre Herausforderungen und Ziele oder Ihr K\u00f6rper und Ihre Organe; all diese Elemente geh\u00f6ren in sich geschlossenen Systemen an. Das bedeutet, dass sie miteinander verbunden sind und zwischen den Elementen Wechselwirkungen und Abh\u00e4ngigkeiten bestehen. Sie haben gemeinsam eine bestimmte Funktionalit\u00e4t und Struktur. In systemischen Strukturaufstellungen ordnen wir die Elemente ihres [&hellip;]<\/p>\n<p class=\"more-link style2\"><a href=\"https:\/\/www.clear-your-mind.eu\/?page_id=367\"  class=\"themebutton\"><span class=\"more-text\">READ MORE<\/span><span class=\"more-icon\"><i class=\"fa fa-angle-right fa-lg\"><\/i><\/span><\/a><\/p>\n","protected":false},"author":1,"featured_media":0,"parent":0,"menu_order":0,"comment_status":"closed","ping_status":"closed","template":"","meta":{"footnotes":""},"categories":[],"tags":[],"class_list":["post-367","page","type-page","status-publish","hentry"],"_links":{"self":[{"href":"https:\/\/www.clear-your-mind.eu\/index.php?rest_route=\/wp\/v2\/pages\/367","targetHints":{"allow":["GET"]}}],"collection":[{"href":"https:\/\/www.clear-your-mind.eu\/index.php?rest_route=\/wp\/v2\/pages"}],"about":[{"href":"https:\/\/www.clear-your-mind.eu\/index.php?rest_route=\/wp\/v2\/types\/page"}],"author":[{"embeddable":true,"href":"https:\/\/www.clear-your-mind.eu\/index.php?rest_route=\/wp\/v2\/users\/1"}],"replies":[{"embeddable":true,"href":"https:\/\/www.clear-your-mind.eu\/index.php?rest_route=%2Fwp%2Fv2%2Fcomments&post=367"}],"version-history":[{"count":11,"href":"https:\/\/www.clear-your-mind.eu\/index.php?rest_route=\/wp\/v2\/pages\/367\/revisions"}],"predecessor-version":[{"id":473,"href":"https:\/\/www.clear-your-mind.eu\/index.php?rest_route=\/wp\/v2\/pages\/367\/revisions\/473"}],"wp:attachment":[{"href":"https:\/\/www.clear-your-mind.eu\/index.php?rest_route=%2Fwp%2Fv2%2Fmedia&parent=367"}],"wp:term":[{"taxonomy":"category","embeddable":true,"href":"https:\/\/www.clear-your-mind.eu\/index.php?rest_route=%2Fwp%2Fv2%2Fcategories&post=367"},{"taxonomy":"post_tag","embeddable":true,"href":"https:\/\/www.clear-your-mind.eu\/index.php?rest_route=%2Fwp%2Fv2%2Ftags&post=367"}],"curies":[{"name":"wp","href":"https:\/\/api.w.org\/{rel}","templated":true}]}}