{"id":364,"date":"2023-08-20T16:30:05","date_gmt":"2023-08-20T14:30:05","guid":{"rendered":"https:\/\/www.clear-your-mind.eu\/?page_id=364"},"modified":"2023-09-10T11:50:54","modified_gmt":"2023-09-10T09:50:54","slug":"coaching","status":"publish","type":"page","link":"https:\/\/www.clear-your-mind.eu\/?page_id=364","title":{"rendered":"Coaching"},"content":{"rendered":"<div id=\"pg-364-0\"  class=\"panel-grid\" ><div class=\"panel-grid-core\"><div id=\"pgc-364-0-0\"  class=\"panel-grid-cell\" ><\/div><\/div><\/div><div id=\"pg-364-1\"  class=\"panel-grid\" ><div class=\"panel-grid-core\"><div id=\"pgc-364-1-0\"  class=\"panel-grid-cell\" ><div class=\"panel-widget-style\" ><p><img decoding=\"async\" src=\"https:\/\/www.clear-your-mind.eu\/wp-content\/uploads\/2023\/06\/IMG_2370_inwork-scaled.jpg\" alt=\"\" \/ ><\/p><\/div><\/div><div id=\"pgc-364-1-1\"  class=\"panel-grid-cell\" ><div class=\"panel-widget-style\" ><h1 style=\"font-style: normal;\"><span>Coaching<\/span><\/h1><\/div><div class=\"panel-widget-style\" >\t\t\t<div class=\"textwidget\"><p><span data-contrast=\"none\">Der Ablauf und die Dauer Ihres Coachings, ist abh\u00e4ngig vom Anliegen und Ihren spezifischen Erfahrungen. Bereits nach 2 bis 3 Terminen, k\u00f6nnen oft nachhaltige Ergebnisse erzielt werden. <\/span><span data-ccp-props=\"{&quot;134233117&quot;:true,&quot;134233118&quot;:true}\">\u00a0<\/span><\/p>\n<p><span data-contrast=\"none\">Vor jeder Sitzung besprechen wir gemeinsam das Coachingthema, das Ziel des Prozesses und der einzelnen Sitzung. Mit passgenauen Techniken und Methoden unterst\u00fctze ich Sie, Ihre L\u00f6sungsstrategien f\u00fcr Ihre individuellen Herausforderungen zu entwickeln. Wir fassen die Ergebnisse zusammen und vereinbaren die n\u00e4chsten Schritte.<\/span><span data-ccp-props=\"{&quot;134233117&quot;:true,&quot;134233118&quot;:true}\">\u00a0<\/span><\/p>\n<p><span data-contrast=\"none\">Weitere Informationen zum Methodenspektrum finden Sie unter <strong>Wissenswertes.<\/strong><\/span><strong>\u00a0<\/strong><\/p>\n<p><strong>Wenn Sie mein<\/strong>\u00a0<strong>Angebot kennenlernen m\u00f6chten<\/strong><strong>,<\/strong><strong>\u00a0<\/strong><strong>vereinbaren Sie <\/strong><strong>hier Ihren\u00a0<a href=\"https:\/\/www.clear-your-mind.eu\/?page_id=352\">Termin f\u00fcr ein unverbindliches Erstgespr\u00e4ch.<\/a><\/strong><\/p>\n<\/div>\n\t\t<\/div><\/div><\/div><\/div>","protected":false},"excerpt":{"rendered":"<p>Der Ablauf und die Dauer Ihres Coachings, ist abh\u00e4ngig vom Anliegen und Ihren spezifischen Erfahrungen. Bereits nach 2 bis 3 Terminen, k\u00f6nnen oft nachhaltige Ergebnisse erzielt werden. \u00a0 Vor jeder Sitzung besprechen wir gemeinsam das Coachingthema, das Ziel des Prozesses und der einzelnen Sitzung. Mit passgenauen Techniken und Methoden unterst\u00fctze ich Sie, Ihre L\u00f6sungsstrategien f\u00fcr [&hellip;]<\/p>\n<p class=\"more-link style2\"><a href=\"https:\/\/www.clear-your-mind.eu\/?page_id=364\"  class=\"themebutton\"><span class=\"more-text\">READ MORE<\/span><span class=\"more-icon\"><i class=\"fa fa-angle-right fa-lg\"><\/i><\/span><\/a><\/p>\n","protected":false},"author":1,"featured_media":0,"parent":0,"menu_order":0,"comment_status":"closed","ping_status":"closed","template":"","meta":{"footnotes":""},"categories":[],"tags":[],"class_list":["post-364","page","type-page","status-publish","hentry"],"_links":{"self":[{"href":"https:\/\/www.clear-your-mind.eu\/index.php?rest_route=\/wp\/v2\/pages\/364","targetHints":{"allow":["GET"]}}],"collection":[{"href":"https:\/\/www.clear-your-mind.eu\/index.php?rest_route=\/wp\/v2\/pages"}],"about":[{"href":"https:\/\/www.clear-your-mind.eu\/index.php?rest_route=\/wp\/v2\/types\/page"}],"author":[{"embeddable":true,"href":"https:\/\/www.clear-your-mind.eu\/index.php?rest_route=\/wp\/v2\/users\/1"}],"replies":[{"embeddable":true,"href":"https:\/\/www.clear-your-mind.eu\/index.php?rest_route=%2Fwp%2Fv2%2Fcomments&post=364"}],"version-history":[{"count":15,"href":"https:\/\/www.clear-your-mind.eu\/index.php?rest_route=\/wp\/v2\/pages\/364\/revisions"}],"predecessor-version":[{"id":471,"href":"https:\/\/www.clear-your-mind.eu\/index.php?rest_route=\/wp\/v2\/pages\/364\/revisions\/471"}],"wp:attachment":[{"href":"https:\/\/www.clear-your-mind.eu\/index.php?rest_route=%2Fwp%2Fv2%2Fmedia&parent=364"}],"wp:term":[{"taxonomy":"category","embeddable":true,"href":"https:\/\/www.clear-your-mind.eu\/index.php?rest_route=%2Fwp%2Fv2%2Fcategories&post=364"},{"taxonomy":"post_tag","embeddable":true,"href":"https:\/\/www.clear-your-mind.eu\/index.php?rest_route=%2Fwp%2Fv2%2Ftags&post=364"}],"curies":[{"name":"wp","href":"https:\/\/api.w.org\/{rel}","templated":true}]}}