{"id":223,"date":"2023-06-25T16:34:52","date_gmt":"2023-06-25T14:34:52","guid":{"rendered":"https:\/\/www.clear-your-mind.eu\/?page_id=223"},"modified":"2023-09-10T11:56:14","modified_gmt":"2023-09-10T09:56:14","slug":"hr-businesscoaching","status":"publish","type":"page","link":"https:\/\/www.clear-your-mind.eu\/?page_id=223","title":{"rendered":"HR-Businesscoaching"},"content":{"rendered":"<div id=\"pg-gb223-69f4b85663889-0\"  class=\"panel-grid\" ><div class=\"panel-grid-core\"><div id=\"pgc-gb223-69f4b85663889-0-0\"  class=\"panel-grid-cell\" ><div class=\"panel-widget-style\" style=\"background:#b7d1da; padding-top: 20px !important; padding-bottom: 20px !important;\" ><p style=\"text-align: center;\"><img decoding=\"async\" src=\"https:\/\/www.clear-your-mind.eu\/wp-content\/uploads\/2023\/07\/business_website.ico\" alt=\"\" \/ ><\/p><\/div><\/div><div id=\"pgc-gb223-69f4b85663889-0-1\"  class=\"panel-grid-cell\" ><div class=\"panel-widget-style\" ><h1 style=\"font-style: normal;\"><span>HR-Businesscoaching<\/span><\/h1><\/div><div class=\"panel-widget-style\" ><div class=\"sc-featured sc-carousel\"><div class=\"entry-header\"><img decoding=\"async\" src=\"\" \/><div class=\"image-overlay overlay2\"><div class=\"image-overlay-inner\"><div class=\"prettyphoto-wrap\"><span><i class=\"fa fa-hover-plus\"><\/i><\/span><\/div><\/div><\/div><\/div><p>Das erstrebenswerte Ergebnis eines Business Coachings ist es, dass Sie ihre individuellen Strategien zur L\u00f6sung komplexer F\u00fchrungssituationen entwickeln und umsetzten.<br \/>\nDabei k\u00f6nnen Sie Selbst mit Ihrer Rolle als F\u00fchrungskraft, die Motivation einzelner Besch\u00e4ftigter, als auch die Motivation und Entwicklung des gesamten Teams, Ausgangspunkt des Coachingprozesses sein.<br \/>\nAls Master of HRM mit langj\u00e4hriger Berufserfahrung, unterst\u00fctze ich Sie und Ihre Besch\u00e4ftigten mit meinem breiten Methodenspektrum gerne dabei, Ihre individuellen L\u00f6sungskonzepte zu entwickeln, die zu Ihnen und zur Situation passt.<\/p>\n<p>Wenn Sie mein\u00a0Angebot kennenlernen m\u00f6chten,\u00a0vereinbaren Sie hier Ihren\u00a0Termin f\u00fcr ein unverbindliches Erstgespr\u00e4ch.<\/p>\n<\/div><\/div><\/div><\/div><\/div>","protected":false},"excerpt":{"rendered":"","protected":false},"author":1,"featured_media":0,"parent":0,"menu_order":0,"comment_status":"closed","ping_status":"closed","template":"","meta":{"footnotes":""},"categories":[],"tags":[],"class_list":["post-223","page","type-page","status-publish","hentry"],"_links":{"self":[{"href":"https:\/\/www.clear-your-mind.eu\/index.php?rest_route=\/wp\/v2\/pages\/223","targetHints":{"allow":["GET"]}}],"collection":[{"href":"https:\/\/www.clear-your-mind.eu\/index.php?rest_route=\/wp\/v2\/pages"}],"about":[{"href":"https:\/\/www.clear-your-mind.eu\/index.php?rest_route=\/wp\/v2\/types\/page"}],"author":[{"embeddable":true,"href":"https:\/\/www.clear-your-mind.eu\/index.php?rest_route=\/wp\/v2\/users\/1"}],"replies":[{"embeddable":true,"href":"https:\/\/www.clear-your-mind.eu\/index.php?rest_route=%2Fwp%2Fv2%2Fcomments&post=223"}],"version-history":[{"count":6,"href":"https:\/\/www.clear-your-mind.eu\/index.php?rest_route=\/wp\/v2\/pages\/223\/revisions"}],"predecessor-version":[{"id":480,"href":"https:\/\/www.clear-your-mind.eu\/index.php?rest_route=\/wp\/v2\/pages\/223\/revisions\/480"}],"wp:attachment":[{"href":"https:\/\/www.clear-your-mind.eu\/index.php?rest_route=%2Fwp%2Fv2%2Fmedia&parent=223"}],"wp:term":[{"taxonomy":"category","embeddable":true,"href":"https:\/\/www.clear-your-mind.eu\/index.php?rest_route=%2Fwp%2Fv2%2Fcategories&post=223"},{"taxonomy":"post_tag","embeddable":true,"href":"https:\/\/www.clear-your-mind.eu\/index.php?rest_route=%2Fwp%2Fv2%2Ftags&post=223"}],"curies":[{"name":"wp","href":"https:\/\/api.w.org\/{rel}","templated":true}]}}