{"id":218,"date":"2023-06-25T16:31:33","date_gmt":"2023-06-25T14:31:33","guid":{"rendered":"https:\/\/www.clear-your-mind.eu\/?page_id=218"},"modified":"2023-09-10T11:55:26","modified_gmt":"2023-09-10T09:55:26","slug":"1on1","status":"publish","type":"page","link":"https:\/\/www.clear-your-mind.eu\/?page_id=218","title":{"rendered":"1on1"},"content":{"rendered":"<div id=\"pg-gb218-69f4cf319c273-0\"  class=\"panel-grid\" ><div class=\"panel-grid-core\"><div id=\"pgc-gb218-69f4cf319c273-0-0\"  class=\"panel-grid-cell\" ><div class=\"panel-widget-style\" style=\"background:#c2d8b9; padding-top: 20px !important; padding-bottom: 20px !important;\" ><p style=\"text-align: center;\"><img decoding=\"async\" src=\"https:\/\/www.clear-your-mind.eu\/wp-content\/uploads\/2023\/07\/1on1_neu_website.ico\" alt=\"\" \/ ><\/p><\/div><\/div><div id=\"pgc-gb218-69f4cf319c273-0-1\"  class=\"panel-grid-cell\" ><div class=\"panel-widget-style\" ><h1 style=\"font-style: normal;\"><span>1 on 1 Life-Coaching<\/span><\/h1><\/div><div class=\"panel-widget-style\" ><div class=\"sc-featured sc-carousel\"><div class=\"entry-header\"><img decoding=\"async\" src=\"\" \/><div class=\"image-overlay overlay2\"><div class=\"image-overlay-inner\"><div class=\"prettyphoto-wrap\"><span><i class=\"fa fa-hover-plus\"><\/i><\/span><\/div><\/div><\/div><\/div><p>Das sch\u00f6nste Ergebnis eines 1 on 1 Life-Coachings ist es, Klarheit \u00fcber die eigenen Ziele zu haben und die Strategien und Wege zu kennen, diese Ziele zu erreichen.<br \/>\nDie Themen sind so vielf\u00e4ltig und individuell, wie die Ziele. M\u00f6gliche Schwerpunkte k\u00f6nnen sein: Pers\u00f6nliches Wachstum und Entwicklung, Karriereplanung und -entwicklung, Konfliktmanagement, Resilienz und Stressmanagement, L\u00f6sungen f\u00fcr komplexe Lebenssituationen, Selbstwert und Selbstbewusstsein, Vereinbarkeit der Rollen einer Frau und viele weitere Themen.<br \/>\nAls zertifizierte Coach nutze ich die sehr effektvollen Methoden Wingwave\u00ae, NLP (Neurolinguistisches Programmieren), das umfangreiche systemische Methodenspektrum sowie die Erkenntnisse aus der Mental Space Psychologie. Ich biete Ihnen einen sicheren Raum, um Ihre Gedanken, Gef\u00fchle und Ziele zu erkennen, Ihre L\u00f6sungen und individuellen Strategien zu finden.<br \/>\nMit einem individuellen Coachingplan unterst\u00fctze ich Sie dabei, Ihren n\u00e4chsten Schritt zum Ziel zu erkennen und zu gehen. Denn der n\u00e4chste Schritt, ist der entscheidende, auf dem Weg zum Erfolg.<\/p>\n<p>Wenn Sie mein\u00a0Angebot kennenlernen m\u00f6chten,\u00a0vereinbaren Sie hier Ihren\u00a0Termin f\u00fcr ein unverbindliches Erstgespr\u00e4ch.<\/p>\n<\/div><\/div><\/div><\/div><\/div>","protected":false},"excerpt":{"rendered":"","protected":false},"author":1,"featured_media":0,"parent":0,"menu_order":0,"comment_status":"closed","ping_status":"closed","template":"","meta":{"footnotes":""},"categories":[],"tags":[],"class_list":["post-218","page","type-page","status-publish","hentry"],"_links":{"self":[{"href":"https:\/\/www.clear-your-mind.eu\/index.php?rest_route=\/wp\/v2\/pages\/218","targetHints":{"allow":["GET"]}}],"collection":[{"href":"https:\/\/www.clear-your-mind.eu\/index.php?rest_route=\/wp\/v2\/pages"}],"about":[{"href":"https:\/\/www.clear-your-mind.eu\/index.php?rest_route=\/wp\/v2\/types\/page"}],"author":[{"embeddable":true,"href":"https:\/\/www.clear-your-mind.eu\/index.php?rest_route=\/wp\/v2\/users\/1"}],"replies":[{"embeddable":true,"href":"https:\/\/www.clear-your-mind.eu\/index.php?rest_route=%2Fwp%2Fv2%2Fcomments&post=218"}],"version-history":[{"count":6,"href":"https:\/\/www.clear-your-mind.eu\/index.php?rest_route=\/wp\/v2\/pages\/218\/revisions"}],"predecessor-version":[{"id":479,"href":"https:\/\/www.clear-your-mind.eu\/index.php?rest_route=\/wp\/v2\/pages\/218\/revisions\/479"}],"wp:attachment":[{"href":"https:\/\/www.clear-your-mind.eu\/index.php?rest_route=%2Fwp%2Fv2%2Fmedia&parent=218"}],"wp:term":[{"taxonomy":"category","embeddable":true,"href":"https:\/\/www.clear-your-mind.eu\/index.php?rest_route=%2Fwp%2Fv2%2Fcategories&post=218"},{"taxonomy":"post_tag","embeddable":true,"href":"https:\/\/www.clear-your-mind.eu\/index.php?rest_route=%2Fwp%2Fv2%2Ftags&post=218"}],"curies":[{"name":"wp","href":"https:\/\/api.w.org\/{rel}","templated":true}]}}