{"id":204,"date":"2023-06-25T16:23:06","date_gmt":"2023-06-25T14:23:06","guid":{"rendered":"https:\/\/www.clear-your-mind.eu\/?page_id=204"},"modified":"2023-09-10T11:54:32","modified_gmt":"2023-09-10T09:54:32","slug":"wingwave","status":"publish","type":"page","link":"https:\/\/www.clear-your-mind.eu\/?page_id=204","title":{"rendered":"Wingwave"},"content":{"rendered":"<div id=\"pg-gb204-69f4e201510c5-0\"  class=\"panel-grid\" ><div class=\"panel-grid-core\"><div id=\"pgc-gb204-69f4e201510c5-0-0\"  class=\"panel-grid-cell\" ><div class=\"panel-widget-style\" style=\"background:#f2f2f2; padding-top: 20px !important; padding-bottom: 20px !important;\" ><p style=\"text-align: center;\"><img decoding=\"async\" src=\"https:\/\/www.clear-your-mind.eu\/wp-content\/uploads\/2023\/07\/butterfly_website.ico\" alt=\"\" \/ ><\/p><\/div><\/div><div id=\"pgc-gb204-69f4e201510c5-0-1\"  class=\"panel-grid-cell\" ><div class=\"panel-widget-style\" ><h1 style=\"font-style: normal;\"><span>Wingwave\u00ae Coaching<\/span><\/h1><\/div><div class=\"panel-widget-style\" style=\"background:#ffffff;\" ><div class=\"sc-featured sc-carousel\"><div class=\"entry-header\"><img decoding=\"async\" src=\"\" \/><div class=\"image-overlay overlay2\"><div class=\"image-overlay-inner\"><div class=\"prettyphoto-wrap\"><span><i class=\"fa fa-hover-plus\"><\/i><\/span><\/div><\/div><\/div><\/div><p>Das sch\u00f6nste Ergebnis eines Wingwave\u00ae-Coachings ist es, den Alltag endlich wieder ruhig und gelassen, situationsangemessen zu erleben.<br \/>\nOb Manager:in, Arbeitskolleg:in, Nachbar:in, Sch\u00fcler:in oder Student:in, Leistungsstress kennen viele Menschen. Er tritt in unterschiedlichen Situationen auf und wird individuell erlebt. Der Stressausl\u00f6ser und auch das Erleben ist meist abh\u00e4ngig von (bewussten oder unbewussten) Erfahrungen, die ein Mensch im Laufe seines Lebens macht. <\/p>\n<p>Typische Situationen sind Selbstwertzweifel, Vortagsituationen, anstehende Pr\u00fcfungen, bevorstehende Zahnarzttermine oder Flugreisen. Auch das unbehagliche Gef\u00fchl, vor bestimmten Personen oder gro\u00dfen Gruppen die Meinung \u00e4u\u00dfern zu m\u00fcssen, kennen viele. Selbst allt\u00e4gliche Situationen wie der Besuch einer Veranstaltung oder sich in einer Gruppe vorzustellen, k\u00f6nnen Glaubenss\u00e4tze wie \u201eich bin nicht so gut wie\u2026; ich kann das nicht\u2026.; das schaffe ich nie\u2026; ich bin zu \u2026\u201c, etc., schwitzige H\u00e4nde, Stress, Unwohlsein und viele andere unangenehme Symptome hervorrufen. Meist hindert dieser Stress sogar daran, die Dinge zu tun, die man tun m\u00f6chte. <\/p>\n<p>Wingwave\u00ae ist eine sehr wirksame Coaching Methode. Durch eine einfach erscheinende Grundintervention, das Erzeugen von &#8222;wachen&#8220; REM-Phasen (Rapid Eye Movement, unterst\u00fctze ich Sie sp\u00fcrbar und schnell in wenigen Sitzungen dabei, diesen Leistungsstress abzubauen. So k\u00f6nnen Sie wieder eine gesunde Balance zwischen Leistung und Wohlbefinden finden. <\/p>\n<p>Wenn Sie wissen m\u00f6chten, ob Wingwave\u00ae Coaching f\u00fcr Sie geeignet ist,\u00a0vereinbaren Sie hier Ihren\u00a0Termin f\u00fcr ein unverbindliches Erstgespr\u00e4ch.<\/p>\n<p>Links:<\/p>\n<p>Erkl\u00e4rfilm zum Wingwave Coaching:<br \/>\nhttps:\/\/www.youtube.com\/watch?v=jiJw6X8WRTY&#038;list=PLCwGWvPOEt9Fb8tM6b214TEX9zjEKFnhT<br \/>\nWingwave bei Auftritts- und Pr\u00e4sentationsstress:<br \/>\nhttps:\/\/www.youtube.com\/watchv=YpSma1nxgm4&#038;list=PLCwGWvPOEt9Fb8tM6b214TEX9zjEKFnhT&#038;index=6<br \/>\nWingwave bei Flugangst:<br \/>\nhttps:\/\/www.youtube.com\/watch?v=G9bYrpNZM8g&#038;list=PLCwGWvPOEt9Fb8tM6b214TEX9zjEKFnhT&#038;index=13<\/p>\n<p>Die Seelenfl\u00fcsterer \u2013 &#8222;Turbo-Coaching gegen Stress und Angst\u201c. F\u00fcr alle wingwave-Interessenten und wingwave-\u201eFans\u201c empfohlen. vierteilige SWR-Fernsehserie &#8211; Produzentin ist Liz Wieskerstrauch. Wingwave beiZahnbehandlungsangst- Abiturstress und Anderes-<br \/>\nhttps:\/\/www.youtube.com\/watch?v=cGkxDG54i6U&#038;t=3s<\/p>\n<p>ausgew\u00e4hlte wissenschaftliche Studien:<br \/>\nhttps:\/\/wingwave.com\/fileadmin\/user_upload\/pdf\/wingwave-Forschung_2022_Abstracts_Juni.pdf<\/p>\n<p>Literatur:<br \/>\nhttps:\/\/wingwave.com\/medien-presse\/wingwave-in-den-printmedien\/<\/p>\n<\/div><\/div><\/div><\/div><\/div>","protected":false},"excerpt":{"rendered":"","protected":false},"author":1,"featured_media":0,"parent":0,"menu_order":0,"comment_status":"closed","ping_status":"closed","template":"","meta":{"footnotes":""},"categories":[],"tags":[],"class_list":["post-204","page","type-page","status-publish","hentry"],"_links":{"self":[{"href":"https:\/\/www.clear-your-mind.eu\/index.php?rest_route=\/wp\/v2\/pages\/204","targetHints":{"allow":["GET"]}}],"collection":[{"href":"https:\/\/www.clear-your-mind.eu\/index.php?rest_route=\/wp\/v2\/pages"}],"about":[{"href":"https:\/\/www.clear-your-mind.eu\/index.php?rest_route=\/wp\/v2\/types\/page"}],"author":[{"embeddable":true,"href":"https:\/\/www.clear-your-mind.eu\/index.php?rest_route=\/wp\/v2\/users\/1"}],"replies":[{"embeddable":true,"href":"https:\/\/www.clear-your-mind.eu\/index.php?rest_route=%2Fwp%2Fv2%2Fcomments&post=204"}],"version-history":[{"count":15,"href":"https:\/\/www.clear-your-mind.eu\/index.php?rest_route=\/wp\/v2\/pages\/204\/revisions"}],"predecessor-version":[{"id":478,"href":"https:\/\/www.clear-your-mind.eu\/index.php?rest_route=\/wp\/v2\/pages\/204\/revisions\/478"}],"wp:attachment":[{"href":"https:\/\/www.clear-your-mind.eu\/index.php?rest_route=%2Fwp%2Fv2%2Fmedia&parent=204"}],"wp:term":[{"taxonomy":"category","embeddable":true,"href":"https:\/\/www.clear-your-mind.eu\/index.php?rest_route=%2Fwp%2Fv2%2Fcategories&post=204"},{"taxonomy":"post_tag","embeddable":true,"href":"https:\/\/www.clear-your-mind.eu\/index.php?rest_route=%2Fwp%2Fv2%2Ftags&post=204"}],"curies":[{"name":"wp","href":"https:\/\/api.w.org\/{rel}","templated":true}]}}